{"id":5638,"date":"2019-05-30T15:21:39","date_gmt":"2019-05-30T14:21:39","guid":{"rendered":"https:\/\/biomimexpo.com\/?page_id=5638"},"modified":"2024-01-02T16:31:44","modified_gmt":"2024-01-02T15:31:44","slug":"biomimscope","status":"publish","type":"page","link":"https:\/\/biomimexpo.com\/en\/biomimscope\/","title":{"rendered":"Biomim'SCOPE"},"content":{"rendered":"<p><strong>The immersive conference that explains, reveals and illustrates the scope of biomimicry.<\/strong><\/p>\n<p><span class=\"s2\">A dive into biomimicry to set out the basics, definitions and philosophy; to illustrate the approach with a series of concrete examples; to explain the technological and economic accelerators that make it a fast-growing trend, full of meaning and future.<\/span><\/p>\n<p><a href=\"https:\/\/newcorpconseil.com\/biomimscope\/\" target=\"_blank\" rel=\"noopener\">All information here<\/a><\/p>\n<p class=\"p1\">\n<hr \/>\n<p><strong><a href=\"https:\/\/biomimexpo.com\/en\/les-offres-newcorp-sur-le-biomimetisme\/\" target=\"_blank\" rel=\"noopener noreferrer\">BACK TO THE NEWCORP CONSULTING SERVICE RANGE<\/a><\/strong><\/p>","protected":false},"excerpt":{"rendered":"<p>The immersive conference that explains, reveals and illustrates the scope of biomimicry. A dive into biomimicry to set out the basics, definitions and philosophy; to illustrate the approach with a series of concrete examples; to explain the technological and economic accelerators that make it a fast-growing trend, full of meaning and future. All the information ... <a href=\"https:\/\/biomimexpo.com\/en\/biomimscope\/\" class=\"more-link\">Continue reading <span class=\"screen-reader-text\">Biomim'SCOPE<\/span><\/a><\/p>","protected":false},"author":30655367,"featured_media":25758,"parent":0,"menu_order":0,"comment_status":"closed","ping_status":"closed","template":"","meta":{"ngg_post_thumbnail":0,"footnotes":""},"class_list":["post-5638","page","type-page","status-publish","has-post-thumbnail","hentry"],"yoast_head":"<!-- This site is optimized with the Yoast SEO plugin v27.5 - https:\/\/yoast.com\/product\/yoast-seo-wordpress\/ -->\n<title>Biomim&#039;SCOPE - Biomim&#039;expo<\/title>\n<meta name=\"robots\" content=\"index, follow, max-snippet:-1, max-image-preview:large, max-video-preview:-1\" \/>\n<link rel=\"canonical\" href=\"https:\/\/biomimexpo.com\/en\/biomimscope\/\" \/>\n<meta property=\"og:locale\" content=\"en_GB\" \/>\n<meta property=\"og:type\" content=\"article\" \/>\n<meta property=\"og:title\" content=\"Biomim&#039;SCOPE - Biomim&#039;expo\" \/>\n<meta property=\"og:description\" content=\"La conf\u00e9rence immersive qui explique, r\u00e9v\u00e8le et illustre l\u2019\u00e9tendue du biomim\u00e9tisme. Une plong\u00e9e en biomim\u00e9tisme pour poser les bases, les d\u00e9finitions et la philosophie ; illustrer l\u2019approche par une s\u00e9rie d\u2019exemples concrets ; expliquer les acc\u00e9l\u00e9rateurs technologiques et conjoncturels qui en font une tendance en fort d\u00e9veloppement, porteuse de sens et d\u2019avenir. Toutes les informations &hellip; Continue reading Biomim&rsquo;SCOPE\" \/>\n<meta property=\"og:url\" content=\"https:\/\/biomimexpo.com\/en\/biomimscope\/\" \/>\n<meta property=\"og:site_name\" content=\"Biomim&#039;expo\" \/>\n<meta property=\"article:modified_time\" content=\"2024-01-02T15:31:44+00:00\" \/>\n<meta property=\"og:image\" content=\"https:\/\/i0.wp.com\/biomimexpo.com\/wp-content\/uploads\/2024\/01\/Bandeau-Biomimexpo-Site-WP-BIOMIMSCOPE.jpg?fit=8033%2C2583&ssl=1\" \/>\n\t<meta property=\"og:image:width\" content=\"8033\" \/>\n\t<meta property=\"og:image:height\" content=\"2583\" \/>\n\t<meta property=\"og:image:type\" content=\"image\/jpeg\" \/>\n<meta name=\"twitter:card\" content=\"summary_large_image\" \/>\n<script type=\"application\/ld+json\" class=\"yoast-schema-graph\">{\"@context\":\"https:\\\/\\\/schema.org\",\"@graph\":[{\"@type\":\"WebPage\",\"@id\":\"https:\\\/\\\/biomimexpo.com\\\/biomimscope\\\/\",\"url\":\"https:\\\/\\\/biomimexpo.com\\\/biomimscope\\\/\",\"name\":\"Biomim'SCOPE - Biomim&#039;expo\",\"isPartOf\":{\"@id\":\"https:\\\/\\\/biomimexpo.com\\\/#website\"},\"primaryImageOfPage\":{\"@id\":\"https:\\\/\\\/biomimexpo.com\\\/biomimscope\\\/#primaryimage\"},\"image\":{\"@id\":\"https:\\\/\\\/biomimexpo.com\\\/biomimscope\\\/#primaryimage\"},\"thumbnailUrl\":\"https:\\\/\\\/i0.wp.com\\\/biomimexpo.com\\\/wp-content\\\/uploads\\\/2024\\\/01\\\/Bandeau-Biomimexpo-Site-WP-BIOMIMSCOPE.jpg?fit=8033%2C2583&ssl=1\",\"datePublished\":\"2019-05-30T14:21:39+00:00\",\"dateModified\":\"2024-01-02T15:31:44+00:00\",\"breadcrumb\":{\"@id\":\"https:\\\/\\\/biomimexpo.com\\\/biomimscope\\\/#breadcrumb\"},\"inLanguage\":\"en-GB\",\"potentialAction\":[{\"@type\":\"ReadAction\",\"target\":[\"https:\\\/\\\/biomimexpo.com\\\/biomimscope\\\/\"]}]},{\"@type\":\"ImageObject\",\"inLanguage\":\"en-GB\",\"@id\":\"https:\\\/\\\/biomimexpo.com\\\/biomimscope\\\/#primaryimage\",\"url\":\"https:\\\/\\\/i0.wp.com\\\/biomimexpo.com\\\/wp-content\\\/uploads\\\/2024\\\/01\\\/Bandeau-Biomimexpo-Site-WP-BIOMIMSCOPE.jpg?fit=8033%2C2583&ssl=1\",\"contentUrl\":\"https:\\\/\\\/i0.wp.com\\\/biomimexpo.com\\\/wp-content\\\/uploads\\\/2024\\\/01\\\/Bandeau-Biomimexpo-Site-WP-BIOMIMSCOPE.jpg?fit=8033%2C2583&ssl=1\",\"width\":8033,\"height\":2583},{\"@type\":\"BreadcrumbList\",\"@id\":\"https:\\\/\\\/biomimexpo.com\\\/biomimscope\\\/#breadcrumb\",\"itemListElement\":[{\"@type\":\"ListItem\",\"position\":1,\"name\":\"Accueil\",\"item\":\"https:\\\/\\\/biomimexpo.com\\\/\"},{\"@type\":\"ListItem\",\"position\":2,\"name\":\"Biomim&rsquo;SCOPE\"}]},{\"@type\":\"WebSite\",\"@id\":\"https:\\\/\\\/biomimexpo.com\\\/#website\",\"url\":\"https:\\\/\\\/biomimexpo.com\\\/\",\"name\":\"Biomim&#039;expo\",\"description\":\"Le premier salon et showroom du biomim\u00e9tisme\",\"potentialAction\":[{\"@type\":\"SearchAction\",\"target\":{\"@type\":\"EntryPoint\",\"urlTemplate\":\"https:\\\/\\\/biomimexpo.com\\\/?s={search_term_string}\"},\"query-input\":{\"@type\":\"PropertyValueSpecification\",\"valueRequired\":true,\"valueName\":\"search_term_string\"}}],\"inLanguage\":\"en-GB\"}]}<\/script>\n<!-- \/ Yoast SEO plugin. -->","yoast_head_json":{"title":"Biomim'SCOPE - Biomim&#039;expo","robots":{"index":"index","follow":"follow","max-snippet":"max-snippet:-1","max-image-preview":"max-image-preview:large","max-video-preview":"max-video-preview:-1"},"canonical":"https:\/\/biomimexpo.com\/en\/biomimscope\/","og_locale":"en_GB","og_type":"article","og_title":"Biomim'SCOPE - Biomim&#039;expo","og_description":"La conf\u00e9rence immersive qui explique, r\u00e9v\u00e8le et illustre l\u2019\u00e9tendue du biomim\u00e9tisme. Une plong\u00e9e en biomim\u00e9tisme pour poser les bases, les d\u00e9finitions et la philosophie ; illustrer l\u2019approche par une s\u00e9rie d\u2019exemples concrets ; expliquer les acc\u00e9l\u00e9rateurs technologiques et conjoncturels qui en font une tendance en fort d\u00e9veloppement, porteuse de sens et d\u2019avenir. Toutes les informations &hellip; Continue reading Biomim&rsquo;SCOPE","og_url":"https:\/\/biomimexpo.com\/en\/biomimscope\/","og_site_name":"Biomim&#039;expo","article_modified_time":"2024-01-02T15:31:44+00:00","og_image":[{"width":8033,"height":2583,"url":"https:\/\/i0.wp.com\/biomimexpo.com\/wp-content\/uploads\/2024\/01\/Bandeau-Biomimexpo-Site-WP-BIOMIMSCOPE.jpg?fit=8033%2C2583&ssl=1","type":"image\/jpeg"}],"twitter_card":"summary_large_image","schema":{"@context":"https:\/\/schema.org","@graph":[{"@type":"WebPage","@id":"https:\/\/biomimexpo.com\/biomimscope\/","url":"https:\/\/biomimexpo.com\/biomimscope\/","name":"Biomim'SCOPE - Biomim&#039;expo","isPartOf":{"@id":"https:\/\/biomimexpo.com\/#website"},"primaryImageOfPage":{"@id":"https:\/\/biomimexpo.com\/biomimscope\/#primaryimage"},"image":{"@id":"https:\/\/biomimexpo.com\/biomimscope\/#primaryimage"},"thumbnailUrl":"https:\/\/i0.wp.com\/biomimexpo.com\/wp-content\/uploads\/2024\/01\/Bandeau-Biomimexpo-Site-WP-BIOMIMSCOPE.jpg?fit=8033%2C2583&ssl=1","datePublished":"2019-05-30T14:21:39+00:00","dateModified":"2024-01-02T15:31:44+00:00","breadcrumb":{"@id":"https:\/\/biomimexpo.com\/biomimscope\/#breadcrumb"},"inLanguage":"en-GB","potentialAction":[{"@type":"ReadAction","target":["https:\/\/biomimexpo.com\/biomimscope\/"]}]},{"@type":"ImageObject","inLanguage":"en-GB","@id":"https:\/\/biomimexpo.com\/biomimscope\/#primaryimage","url":"https:\/\/i0.wp.com\/biomimexpo.com\/wp-content\/uploads\/2024\/01\/Bandeau-Biomimexpo-Site-WP-BIOMIMSCOPE.jpg?fit=8033%2C2583&ssl=1","contentUrl":"https:\/\/i0.wp.com\/biomimexpo.com\/wp-content\/uploads\/2024\/01\/Bandeau-Biomimexpo-Site-WP-BIOMIMSCOPE.jpg?fit=8033%2C2583&ssl=1","width":8033,"height":2583},{"@type":"BreadcrumbList","@id":"https:\/\/biomimexpo.com\/biomimscope\/#breadcrumb","itemListElement":[{"@type":"ListItem","position":1,"name":"Accueil","item":"https:\/\/biomimexpo.com\/"},{"@type":"ListItem","position":2,"name":"Biomim&rsquo;SCOPE"}]},{"@type":"WebSite","@id":"https:\/\/biomimexpo.com\/#website","url":"https:\/\/biomimexpo.com\/","name":"Biomim&#039;expo","description":"Le premier salon et showroom du biomim\u00e9tisme","potentialAction":[{"@type":"SearchAction","target":{"@type":"EntryPoint","urlTemplate":"https:\/\/biomimexpo.com\/?s={search_term_string}"},"query-input":{"@type":"PropertyValueSpecification","valueRequired":true,"valueName":"search_term_string"}}],"inLanguage":"en-GB"}]}},"jetpack_likes_enabled":true,"jetpack_sharing_enabled":true,"jetpack_shortlink":"https:\/\/wp.me\/P51wao-1sW","_links":{"self":[{"href":"https:\/\/biomimexpo.com\/en\/wp-json\/wp\/v2\/pages\/5638","targetHints":{"allow":["GET"]}}],"collection":[{"href":"https:\/\/biomimexpo.com\/en\/wp-json\/wp\/v2\/pages"}],"about":[{"href":"https:\/\/biomimexpo.com\/en\/wp-json\/wp\/v2\/types\/page"}],"author":[{"embeddable":true,"href":"https:\/\/biomimexpo.com\/en\/wp-json\/wp\/v2\/users\/30655367"}],"replies":[{"embeddable":true,"href":"https:\/\/biomimexpo.com\/en\/wp-json\/wp\/v2\/comments?post=5638"}],"version-history":[{"count":19,"href":"https:\/\/biomimexpo.com\/en\/wp-json\/wp\/v2\/pages\/5638\/revisions"}],"predecessor-version":[{"id":15177,"href":"https:\/\/biomimexpo.com\/en\/wp-json\/wp\/v2\/pages\/5638\/revisions\/15177"}],"wp:featuredmedia":[{"embeddable":true,"href":"https:\/\/biomimexpo.com\/en\/wp-json\/wp\/v2\/media\/25758"}],"wp:attachment":[{"href":"https:\/\/biomimexpo.com\/en\/wp-json\/wp\/v2\/media?parent=5638"}],"curies":[{"name":"wp","href":"https:\/\/api.w.org\/{rel}","templated":true}]}}