{"id":5606,"date":"2019-05-30T15:07:03","date_gmt":"2019-05-30T14:07:03","guid":{"rendered":"https:\/\/biomimexpo.com\/?page_id=5606"},"modified":"2021-01-25T21:53:27","modified_gmt":"2021-01-25T20:53:27","slug":"biomiminside-lexpo-ephemere-chez-vous","status":"publish","type":"page","link":"https:\/\/biomimexpo.com\/en\/biomiminside-lexpo-ephemere-chez-vous\/","title":{"rendered":"Biomim'INSIDE - the ephemeral exhibition in your home"},"content":{"rendered":"<h3><strong><span style=\"color: #ff6600;\">The Biomim'INSIDE turnkey exhibition<\/span><\/strong><\/h3>\n<p>Produced for the Biomim'expo event, and already available as a <a href=\"https:\/\/biomimexpo.com\/en\/le-livre-biomimreview\/\" target=\"_blank\" rel=\"noopener noreferrer\">book<\/a>The gallery of examples of bio-inspired innovations is now available for display in your home and for your employees, partners and customers.<\/p>\n<p><a href=\"https:\/\/newcorpconseil.com\/biomiminside\/\" target=\"_blank\" rel=\"noopener\">All information here<\/a><\/p>\n<hr \/>\n<p><strong><a href=\"https:\/\/biomimexpo.com\/en\/les-offres-newcorp-sur-le-biomimetisme\/\" target=\"_blank\" rel=\"noopener noreferrer\">BACK TO THE NEWCORP CONSULTING SERVICE RANGE<\/a><\/strong><\/p>","protected":false},"excerpt":{"rendered":"<p>The Biomim'INSIDE turnkey exhibition Produced for the Biomim'expo event, and already available in book form, the gallery of examples of bio-inspired innovations is now available to display outside your premises and to offer to your employees, partners and customers. For more information, click here RETURN TO NEWCORP CONSEIL'S RANGE OF SERVICES<\/p>","protected":false},"author":30655367,"featured_media":8263,"parent":0,"menu_order":0,"comment_status":"closed","ping_status":"closed","template":"","meta":{"ngg_post_thumbnail":0,"footnotes":""},"class_list":["post-5606","page","type-page","status-publish","has-post-thumbnail","hentry"],"yoast_head":"<!-- This site is optimized with the Yoast SEO plugin v27.5 - https:\/\/yoast.com\/product\/yoast-seo-wordpress\/ -->\n<title>Biomim&#039;INSIDE - l&#039;expo \u00e9ph\u00e9m\u00e8re chez vous - Biomim&#039;expo<\/title>\n<meta name=\"robots\" content=\"index, follow, max-snippet:-1, max-image-preview:large, max-video-preview:-1\" \/>\n<link rel=\"canonical\" href=\"https:\/\/biomimexpo.com\/en\/biomiminside-lexpo-ephemere-chez-vous\/\" \/>\n<meta property=\"og:locale\" content=\"en_GB\" \/>\n<meta property=\"og:type\" content=\"article\" \/>\n<meta property=\"og:title\" content=\"Biomim&#039;INSIDE - l&#039;expo \u00e9ph\u00e9m\u00e8re chez vous - Biomim&#039;expo\" \/>\n<meta property=\"og:description\" content=\"L&rsquo;expo cl\u00e9s en mains Biomim&rsquo;INSIDE R\u00e9alis\u00e9e pour l\u2019\u00e9v\u00e9nement Biomim\u2019expo, et d\u00e9j\u00e0 d\u00e9clin\u00e9e sous forme de livre, la galerie d\u2019exemples d\u2019innovations bio-inspir\u00e9es est d\u00e9sormais disponible hors les murs pour s\u2019afficher chez vous et s\u2019offrir \u00e0 vos collaborateurs, partenaires et clients. Toutes les informations ici RETOUR SUR LA GAMME DE PRESTATIONS NEWCORP CONSEIL\" \/>\n<meta property=\"og:url\" content=\"https:\/\/biomimexpo.com\/en\/biomiminside-lexpo-ephemere-chez-vous\/\" \/>\n<meta property=\"og:site_name\" content=\"Biomim&#039;expo\" \/>\n<meta property=\"article:modified_time\" content=\"2021-01-25T20:53:27+00:00\" \/>\n<meta property=\"og:image\" content=\"https:\/\/i0.wp.com\/biomimexpo.com\/wp-content\/uploads\/2020\/02\/Photo-issue-du-film-12.jpg?fit=1281%2C718&ssl=1\" \/>\n\t<meta property=\"og:image:width\" content=\"1281\" \/>\n\t<meta property=\"og:image:height\" content=\"718\" \/>\n\t<meta property=\"og:image:type\" content=\"image\/jpeg\" \/>\n<meta name=\"twitter:card\" content=\"summary_large_image\" \/>\n<script type=\"application\/ld+json\" class=\"yoast-schema-graph\">{\"@context\":\"https:\\\/\\\/schema.org\",\"@graph\":[{\"@type\":\"WebPage\",\"@id\":\"https:\\\/\\\/biomimexpo.com\\\/biomiminside-lexpo-ephemere-chez-vous\\\/\",\"url\":\"https:\\\/\\\/biomimexpo.com\\\/biomiminside-lexpo-ephemere-chez-vous\\\/\",\"name\":\"Biomim'INSIDE - l'expo \u00e9ph\u00e9m\u00e8re chez vous - Biomim&#039;expo\",\"isPartOf\":{\"@id\":\"https:\\\/\\\/biomimexpo.com\\\/#website\"},\"primaryImageOfPage\":{\"@id\":\"https:\\\/\\\/biomimexpo.com\\\/biomiminside-lexpo-ephemere-chez-vous\\\/#primaryimage\"},\"image\":{\"@id\":\"https:\\\/\\\/biomimexpo.com\\\/biomiminside-lexpo-ephemere-chez-vous\\\/#primaryimage\"},\"thumbnailUrl\":\"https:\\\/\\\/i0.wp.com\\\/biomimexpo.com\\\/wp-content\\\/uploads\\\/2020\\\/02\\\/Photo-issue-du-film-12.jpg?fit=1281%2C718&ssl=1\",\"datePublished\":\"2019-05-30T14:07:03+00:00\",\"dateModified\":\"2021-01-25T20:53:27+00:00\",\"breadcrumb\":{\"@id\":\"https:\\\/\\\/biomimexpo.com\\\/biomiminside-lexpo-ephemere-chez-vous\\\/#breadcrumb\"},\"inLanguage\":\"en-GB\",\"potentialAction\":[{\"@type\":\"ReadAction\",\"target\":[\"https:\\\/\\\/biomimexpo.com\\\/biomiminside-lexpo-ephemere-chez-vous\\\/\"]}]},{\"@type\":\"ImageObject\",\"inLanguage\":\"en-GB\",\"@id\":\"https:\\\/\\\/biomimexpo.com\\\/biomiminside-lexpo-ephemere-chez-vous\\\/#primaryimage\",\"url\":\"https:\\\/\\\/i0.wp.com\\\/biomimexpo.com\\\/wp-content\\\/uploads\\\/2020\\\/02\\\/Photo-issue-du-film-12.jpg?fit=1281%2C718&ssl=1\",\"contentUrl\":\"https:\\\/\\\/i0.wp.com\\\/biomimexpo.com\\\/wp-content\\\/uploads\\\/2020\\\/02\\\/Photo-issue-du-film-12.jpg?fit=1281%2C718&ssl=1\",\"width\":1281,\"height\":718},{\"@type\":\"BreadcrumbList\",\"@id\":\"https:\\\/\\\/biomimexpo.com\\\/biomiminside-lexpo-ephemere-chez-vous\\\/#breadcrumb\",\"itemListElement\":[{\"@type\":\"ListItem\",\"position\":1,\"name\":\"Accueil\",\"item\":\"https:\\\/\\\/biomimexpo.com\\\/\"},{\"@type\":\"ListItem\",\"position\":2,\"name\":\"Biomim&rsquo;INSIDE &#8211; l&rsquo;expo \u00e9ph\u00e9m\u00e8re chez vous\"}]},{\"@type\":\"WebSite\",\"@id\":\"https:\\\/\\\/biomimexpo.com\\\/#website\",\"url\":\"https:\\\/\\\/biomimexpo.com\\\/\",\"name\":\"Biomim&#039;expo\",\"description\":\"Le premier salon et showroom du biomim\u00e9tisme\",\"potentialAction\":[{\"@type\":\"SearchAction\",\"target\":{\"@type\":\"EntryPoint\",\"urlTemplate\":\"https:\\\/\\\/biomimexpo.com\\\/?s={search_term_string}\"},\"query-input\":{\"@type\":\"PropertyValueSpecification\",\"valueRequired\":true,\"valueName\":\"search_term_string\"}}],\"inLanguage\":\"en-GB\"}]}<\/script>\n<!-- \/ Yoast SEO plugin. -->","yoast_head_json":{"title":"Biomim'INSIDE - l'expo \u00e9ph\u00e9m\u00e8re chez vous - Biomim&#039;expo","robots":{"index":"index","follow":"follow","max-snippet":"max-snippet:-1","max-image-preview":"max-image-preview:large","max-video-preview":"max-video-preview:-1"},"canonical":"https:\/\/biomimexpo.com\/en\/biomiminside-lexpo-ephemere-chez-vous\/","og_locale":"en_GB","og_type":"article","og_title":"Biomim'INSIDE - l'expo \u00e9ph\u00e9m\u00e8re chez vous - Biomim&#039;expo","og_description":"L&rsquo;expo cl\u00e9s en mains Biomim&rsquo;INSIDE R\u00e9alis\u00e9e pour l\u2019\u00e9v\u00e9nement Biomim\u2019expo, et d\u00e9j\u00e0 d\u00e9clin\u00e9e sous forme de livre, la galerie d\u2019exemples d\u2019innovations bio-inspir\u00e9es est d\u00e9sormais disponible hors les murs pour s\u2019afficher chez vous et s\u2019offrir \u00e0 vos collaborateurs, partenaires et clients. Toutes les informations ici RETOUR SUR LA GAMME DE PRESTATIONS NEWCORP CONSEIL","og_url":"https:\/\/biomimexpo.com\/en\/biomiminside-lexpo-ephemere-chez-vous\/","og_site_name":"Biomim&#039;expo","article_modified_time":"2021-01-25T20:53:27+00:00","og_image":[{"width":1281,"height":718,"url":"https:\/\/i0.wp.com\/biomimexpo.com\/wp-content\/uploads\/2020\/02\/Photo-issue-du-film-12.jpg?fit=1281%2C718&ssl=1","type":"image\/jpeg"}],"twitter_card":"summary_large_image","schema":{"@context":"https:\/\/schema.org","@graph":[{"@type":"WebPage","@id":"https:\/\/biomimexpo.com\/biomiminside-lexpo-ephemere-chez-vous\/","url":"https:\/\/biomimexpo.com\/biomiminside-lexpo-ephemere-chez-vous\/","name":"Biomim'INSIDE - l'expo \u00e9ph\u00e9m\u00e8re chez vous - Biomim&#039;expo","isPartOf":{"@id":"https:\/\/biomimexpo.com\/#website"},"primaryImageOfPage":{"@id":"https:\/\/biomimexpo.com\/biomiminside-lexpo-ephemere-chez-vous\/#primaryimage"},"image":{"@id":"https:\/\/biomimexpo.com\/biomiminside-lexpo-ephemere-chez-vous\/#primaryimage"},"thumbnailUrl":"https:\/\/i0.wp.com\/biomimexpo.com\/wp-content\/uploads\/2020\/02\/Photo-issue-du-film-12.jpg?fit=1281%2C718&ssl=1","datePublished":"2019-05-30T14:07:03+00:00","dateModified":"2021-01-25T20:53:27+00:00","breadcrumb":{"@id":"https:\/\/biomimexpo.com\/biomiminside-lexpo-ephemere-chez-vous\/#breadcrumb"},"inLanguage":"en-GB","potentialAction":[{"@type":"ReadAction","target":["https:\/\/biomimexpo.com\/biomiminside-lexpo-ephemere-chez-vous\/"]}]},{"@type":"ImageObject","inLanguage":"en-GB","@id":"https:\/\/biomimexpo.com\/biomiminside-lexpo-ephemere-chez-vous\/#primaryimage","url":"https:\/\/i0.wp.com\/biomimexpo.com\/wp-content\/uploads\/2020\/02\/Photo-issue-du-film-12.jpg?fit=1281%2C718&ssl=1","contentUrl":"https:\/\/i0.wp.com\/biomimexpo.com\/wp-content\/uploads\/2020\/02\/Photo-issue-du-film-12.jpg?fit=1281%2C718&ssl=1","width":1281,"height":718},{"@type":"BreadcrumbList","@id":"https:\/\/biomimexpo.com\/biomiminside-lexpo-ephemere-chez-vous\/#breadcrumb","itemListElement":[{"@type":"ListItem","position":1,"name":"Accueil","item":"https:\/\/biomimexpo.com\/"},{"@type":"ListItem","position":2,"name":"Biomim&rsquo;INSIDE &#8211; l&rsquo;expo \u00e9ph\u00e9m\u00e8re chez vous"}]},{"@type":"WebSite","@id":"https:\/\/biomimexpo.com\/#website","url":"https:\/\/biomimexpo.com\/","name":"Biomim&#039;expo","description":"Le premier salon et showroom du biomim\u00e9tisme","potentialAction":[{"@type":"SearchAction","target":{"@type":"EntryPoint","urlTemplate":"https:\/\/biomimexpo.com\/?s={search_term_string}"},"query-input":{"@type":"PropertyValueSpecification","valueRequired":true,"valueName":"search_term_string"}}],"inLanguage":"en-GB"}]}},"jetpack_likes_enabled":true,"jetpack_sharing_enabled":true,"jetpack_shortlink":"https:\/\/wp.me\/P51wao-1sq","_links":{"self":[{"href":"https:\/\/biomimexpo.com\/en\/wp-json\/wp\/v2\/pages\/5606","targetHints":{"allow":["GET"]}}],"collection":[{"href":"https:\/\/biomimexpo.com\/en\/wp-json\/wp\/v2\/pages"}],"about":[{"href":"https:\/\/biomimexpo.com\/en\/wp-json\/wp\/v2\/types\/page"}],"author":[{"embeddable":true,"href":"https:\/\/biomimexpo.com\/en\/wp-json\/wp\/v2\/users\/30655367"}],"replies":[{"embeddable":true,"href":"https:\/\/biomimexpo.com\/en\/wp-json\/wp\/v2\/comments?post=5606"}],"version-history":[{"count":30,"href":"https:\/\/biomimexpo.com\/en\/wp-json\/wp\/v2\/pages\/5606\/revisions"}],"predecessor-version":[{"id":15176,"href":"https:\/\/biomimexpo.com\/en\/wp-json\/wp\/v2\/pages\/5606\/revisions\/15176"}],"wp:featuredmedia":[{"embeddable":true,"href":"https:\/\/biomimexpo.com\/en\/wp-json\/wp\/v2\/media\/8263"}],"wp:attachment":[{"href":"https:\/\/biomimexpo.com\/en\/wp-json\/wp\/v2\/media?parent=5606"}],"curies":[{"name":"wp","href":"https:\/\/api.w.org\/{rel}","templated":true}]}}