{"id":18409,"date":"2021-09-22T06:07:23","date_gmt":"2021-09-22T05:07:23","guid":{"rendered":"https:\/\/biomimexpo.com\/?page_id=18409"},"modified":"2022-07-07T07:31:34","modified_gmt":"2022-07-07T06:31:34","slug":"les-plenieres","status":"publish","type":"page","link":"https:\/\/biomimexpo.com\/en\/les-plenieres\/","title":{"rendered":"THE PLENARIES"},"content":{"rendered":"<p><strong>2022 maintains its format of large plenary sessions for institutional presentations, conferences, round tables and pitches ... &nbsp;<\/strong><\/p>\n\n\n\n<p>The 2022 programme is underway but will be a continuation of previous editions.<\/p>\n\n\n\n<hr class=\"wp-block-separator has-css-opacity is-style-wide\"\/>\n\n\n\n<p><span class=\"s2\"><span style=\"color: #ff6600;\">9h<\/span>&nbsp;\/&nbsp;<strong>[ DOOR OPENING<\/strong><\/span><\/p>\n\n\n\n<hr class=\"wp-block-separator has-css-opacity is-style-wide\"\/>\n\n\n\n<p class=\"has-black-color has-text-color\"><strong>9.30am - 9.45am <meta charset=\"utf-8\"><strong><span style=\"color: #ff6600;\"><span class=\"s2\"><b>[ <\/b><\/span><strong>OPENING<\/strong><\/span><\/strong><\/strong><\/p>\n\n\n\n<div class=\"wp-block-columns is-layout-flex wp-container-core-columns-is-layout-9d6595d7 wp-block-columns-is-layout-flex\">\n<div class=\"wp-block-column is-layout-flow wp-block-column-is-layout-flow\">\n<div class=\"wp-block-jetpack-slideshow aligncenter\" data-autoplay=\"true\" data-delay=\"2\" data-effect=\"fade\"><div class=\"wp-block-jetpack-slideshow_container swiper-container\"><ul class=\"wp-block-jetpack-slideshow_swiper-wrapper swiper-wrapper\"><li class=\"wp-block-jetpack-slideshow_slide swiper-slide\"><figure><img data-recalc-dims=\"1\" loading=\"lazy\" decoding=\"async\" width=\"676\" height=\"676\" alt=\"\" class=\"wp-block-jetpack-slideshow_image wp-image-21015\" data-id=\"21015\" src=\"https:\/\/i0.wp.com\/biomimexpo.com\/wp-content\/uploads\/2022\/07\/KALINA-RASKIN-BIOMIMEXPO-2022.jpg?resize=676%2C676&#038;ssl=1\" srcset=\"https:\/\/i0.wp.com\/biomimexpo.com\/wp-content\/uploads\/2022\/07\/KALINA-RASKIN-BIOMIMEXPO-2022.jpg?w=2500&amp;ssl=1 2500w, https:\/\/i0.wp.com\/biomimexpo.com\/wp-content\/uploads\/2022\/07\/KALINA-RASKIN-BIOMIMEXPO-2022.jpg?resize=300%2C300&amp;ssl=1 300w, https:\/\/i0.wp.com\/biomimexpo.com\/wp-content\/uploads\/2022\/07\/KALINA-RASKIN-BIOMIMEXPO-2022.jpg?resize=1024%2C1024&amp;ssl=1 1024w, https:\/\/i0.wp.com\/biomimexpo.com\/wp-content\/uploads\/2022\/07\/KALINA-RASKIN-BIOMIMEXPO-2022.jpg?resize=150%2C150&amp;ssl=1 150w, https:\/\/i0.wp.com\/biomimexpo.com\/wp-content\/uploads\/2022\/07\/KALINA-RASKIN-BIOMIMEXPO-2022.jpg?resize=768%2C768&amp;ssl=1 768w, https:\/\/i0.wp.com\/biomimexpo.com\/wp-content\/uploads\/2022\/07\/KALINA-RASKIN-BIOMIMEXPO-2022.jpg?resize=1536%2C1536&amp;ssl=1 1536w, https:\/\/i0.wp.com\/biomimexpo.com\/wp-content\/uploads\/2022\/07\/KALINA-RASKIN-BIOMIMEXPO-2022.jpg?resize=2048%2C2048&amp;ssl=1 2048w, https:\/\/i0.wp.com\/biomimexpo.com\/wp-content\/uploads\/2022\/07\/KALINA-RASKIN-BIOMIMEXPO-2022.jpg?resize=12%2C12&amp;ssl=1 12w, https:\/\/i0.wp.com\/biomimexpo.com\/wp-content\/uploads\/2022\/07\/KALINA-RASKIN-BIOMIMEXPO-2022.jpg?resize=676%2C676&amp;ssl=1 676w, https:\/\/i0.wp.com\/biomimexpo.com\/wp-content\/uploads\/2022\/07\/KALINA-RASKIN-BIOMIMEXPO-2022.jpg?w=1352&amp;ssl=1 1352w\" sizes=\"(max-width: 676px) 100vw, 676px\" \/><\/figure><\/li><li class=\"wp-block-jetpack-slideshow_slide swiper-slide\"><figure><img data-recalc-dims=\"1\" loading=\"lazy\" decoding=\"async\" width=\"676\" height=\"676\" alt=\"\" class=\"wp-block-jetpack-slideshow_image wp-image-21039\" data-id=\"21039\" src=\"https:\/\/i0.wp.com\/biomimexpo.com\/wp-content\/uploads\/2022\/07\/ALAIN-RENAUDIN-BIOMIMEXPO-2022-FR.jpg?resize=676%2C676&#038;ssl=1\" srcset=\"https:\/\/i0.wp.com\/biomimexpo.com\/wp-content\/uploads\/2022\/07\/ALAIN-RENAUDIN-BIOMIMEXPO-2022-FR.jpg?w=2500&amp;ssl=1 2500w, https:\/\/i0.wp.com\/biomimexpo.com\/wp-content\/uploads\/2022\/07\/ALAIN-RENAUDIN-BIOMIMEXPO-2022-FR.jpg?resize=300%2C300&amp;ssl=1 300w, https:\/\/i0.wp.com\/biomimexpo.com\/wp-content\/uploads\/2022\/07\/ALAIN-RENAUDIN-BIOMIMEXPO-2022-FR.jpg?resize=1024%2C1024&amp;ssl=1 1024w, https:\/\/i0.wp.com\/biomimexpo.com\/wp-content\/uploads\/2022\/07\/ALAIN-RENAUDIN-BIOMIMEXPO-2022-FR.jpg?resize=150%2C150&amp;ssl=1 150w, https:\/\/i0.wp.com\/biomimexpo.com\/wp-content\/uploads\/2022\/07\/ALAIN-RENAUDIN-BIOMIMEXPO-2022-FR.jpg?resize=768%2C768&amp;ssl=1 768w, https:\/\/i0.wp.com\/biomimexpo.com\/wp-content\/uploads\/2022\/07\/ALAIN-RENAUDIN-BIOMIMEXPO-2022-FR.jpg?resize=1536%2C1536&amp;ssl=1 1536w, https:\/\/i0.wp.com\/biomimexpo.com\/wp-content\/uploads\/2022\/07\/ALAIN-RENAUDIN-BIOMIMEXPO-2022-FR.jpg?resize=2048%2C2048&amp;ssl=1 2048w, https:\/\/i0.wp.com\/biomimexpo.com\/wp-content\/uploads\/2022\/07\/ALAIN-RENAUDIN-BIOMIMEXPO-2022-FR.jpg?resize=12%2C12&amp;ssl=1 12w, https:\/\/i0.wp.com\/biomimexpo.com\/wp-content\/uploads\/2022\/07\/ALAIN-RENAUDIN-BIOMIMEXPO-2022-FR.jpg?resize=676%2C676&amp;ssl=1 676w, https:\/\/i0.wp.com\/biomimexpo.com\/wp-content\/uploads\/2022\/07\/ALAIN-RENAUDIN-BIOMIMEXPO-2022-FR.jpg?w=1352&amp;ssl=1 1352w\" sizes=\"(max-width: 676px) 100vw, 676px\" \/><\/figure><\/li><\/ul><a class=\"wp-block-jetpack-slideshow_button-prev swiper-button-prev swiper-button-white\" role=\"button\"><\/a><a class=\"wp-block-jetpack-slideshow_button-next swiper-button-next swiper-button-white\" role=\"button\"><\/a><a aria-label=\"Pause Slideshow\" class=\"wp-block-jetpack-slideshow_button-pause\" role=\"button\"><\/a><div class=\"wp-block-jetpack-slideshow_pagination swiper-pagination swiper-pagination-white\"><\/div><\/div><\/div>\n<\/div>\n\n\n\n<div class=\"wp-block-column is-layout-flow wp-block-column-is-layout-flow\">\n<p><strong>[INTRODUCTION TO THE DAY<\/strong><\/p>\n\n\n\n<p>Launch of the 7th edition.&nbsp;<\/p>\n\n\n\n<p class=\"has-luminous-vivid-orange-color has-text-color\">&gt;&gt; Definition, news and trends of biomimicry, presentation of the programme.<\/p>\n\n\n\n<p><strong>Kalina Raskin<\/strong>General Director of Ceebios<\/p>\n\n\n\n<p><strong>Alain Renaudin<\/strong>Founder of Biomim'expo, President and founder of NewCorp Conseil&nbsp;<\/p>\n<\/div>\n<\/div>\n\n\n\n<hr class=\"wp-block-separator has-css-opacity is-style-wide\"\/>\n\n\n\n<p><strong>BIG WITNESS <meta charset=\"utf-8\"><strong><span style=\"color: #ff6600;\"><span class=\"s2\"><b>[ AND US IN THE BIG BOOK OF EVOLUTION?<\/b><\/span><\/span><\/strong><\/strong><\/p>\n\n\n\n<p><em>I am very happy to welcome Guillaume Lecointre to introduce the debates, conferences and reflections of our 7th edition of #Biomimexpo! Our era is indeed asking us questions about our future, and in order to answer them, we must undoubtedly reexamine our past, our evolution and our place in the middle of (and not above) the kingdom of life.<\/em><\/p>\n\n\n\n<div class=\"wp-block-columns is-layout-flex wp-container-core-columns-is-layout-9d6595d7 wp-block-columns-is-layout-flex\">\n<div class=\"wp-block-column is-layout-flow wp-block-column-is-layout-flow\">\n<figure class=\"wp-block-image\"><img data-recalc-dims=\"1\" loading=\"lazy\" decoding=\"async\" width=\"676\" height=\"676\" data-attachment-id=\"21008\" data-permalink=\"https:\/\/biomimexpo.com\/en\/programme-2022\/guillaume-lecointre-biomimexpo-2022-fr\/\" data-orig-file=\"https:\/\/i0.wp.com\/biomimexpo.com\/wp-content\/uploads\/2022\/07\/GUILLAUME-LECOINTRE-BIOMIMEXPO-2022-FR.jpg?fit=2500%2C2500&amp;ssl=1\" data-orig-size=\"2500,2500\" data-comments-opened=\"1\" data-image-meta=\"{&quot;aperture&quot;:&quot;0&quot;,&quot;credit&quot;:&quot;&quot;,&quot;camera&quot;:&quot;&quot;,&quot;caption&quot;:&quot;&quot;,&quot;created_timestamp&quot;:&quot;0&quot;,&quot;copyright&quot;:&quot;&quot;,&quot;focal_length&quot;:&quot;0&quot;,&quot;iso&quot;:&quot;0&quot;,&quot;shutter_speed&quot;:&quot;0&quot;,&quot;title&quot;:&quot;&quot;,&quot;orientation&quot;:&quot;0&quot;}\" data-image-title=\"GUILLAUME LECOINTRE BIOMIMEXPO 2022 FR\" data-image-description=\"\" data-image-caption=\"\" data-medium-file=\"https:\/\/i0.wp.com\/biomimexpo.com\/wp-content\/uploads\/2022\/07\/GUILLAUME-LECOINTRE-BIOMIMEXPO-2022-FR.jpg?fit=300%2C300&amp;ssl=1\" data-large-file=\"https:\/\/i0.wp.com\/biomimexpo.com\/wp-content\/uploads\/2022\/07\/GUILLAUME-LECOINTRE-BIOMIMEXPO-2022-FR.jpg?fit=676%2C676&amp;ssl=1\" src=\"https:\/\/i0.wp.com\/biomimexpo.com\/wp-content\/uploads\/2022\/07\/GUILLAUME-LECOINTRE-BIOMIMEXPO-2022-FR.jpg?resize=676%2C676&#038;ssl=1\" alt=\"\" class=\"wp-image-21008\" srcset=\"https:\/\/i0.wp.com\/biomimexpo.com\/wp-content\/uploads\/2022\/07\/GUILLAUME-LECOINTRE-BIOMIMEXPO-2022-FR.jpg?w=2500&amp;ssl=1 2500w, https:\/\/i0.wp.com\/biomimexpo.com\/wp-content\/uploads\/2022\/07\/GUILLAUME-LECOINTRE-BIOMIMEXPO-2022-FR.jpg?resize=300%2C300&amp;ssl=1 300w, https:\/\/i0.wp.com\/biomimexpo.com\/wp-content\/uploads\/2022\/07\/GUILLAUME-LECOINTRE-BIOMIMEXPO-2022-FR.jpg?resize=1024%2C1024&amp;ssl=1 1024w, https:\/\/i0.wp.com\/biomimexpo.com\/wp-content\/uploads\/2022\/07\/GUILLAUME-LECOINTRE-BIOMIMEXPO-2022-FR.jpg?resize=150%2C150&amp;ssl=1 150w, https:\/\/i0.wp.com\/biomimexpo.com\/wp-content\/uploads\/2022\/07\/GUILLAUME-LECOINTRE-BIOMIMEXPO-2022-FR.jpg?resize=768%2C768&amp;ssl=1 768w, https:\/\/i0.wp.com\/biomimexpo.com\/wp-content\/uploads\/2022\/07\/GUILLAUME-LECOINTRE-BIOMIMEXPO-2022-FR.jpg?resize=1536%2C1536&amp;ssl=1 1536w, https:\/\/i0.wp.com\/biomimexpo.com\/wp-content\/uploads\/2022\/07\/GUILLAUME-LECOINTRE-BIOMIMEXPO-2022-FR.jpg?resize=2048%2C2048&amp;ssl=1 2048w, https:\/\/i0.wp.com\/biomimexpo.com\/wp-content\/uploads\/2022\/07\/GUILLAUME-LECOINTRE-BIOMIMEXPO-2022-FR.jpg?resize=12%2C12&amp;ssl=1 12w, https:\/\/i0.wp.com\/biomimexpo.com\/wp-content\/uploads\/2022\/07\/GUILLAUME-LECOINTRE-BIOMIMEXPO-2022-FR.jpg?resize=676%2C676&amp;ssl=1 676w, https:\/\/i0.wp.com\/biomimexpo.com\/wp-content\/uploads\/2022\/07\/GUILLAUME-LECOINTRE-BIOMIMEXPO-2022-FR.jpg?w=1352&amp;ssl=1 1352w\" sizes=\"auto, (max-width: 676px) 100vw, 676px\" \/><\/figure>\n<\/div>\n\n\n\n<div class=\"wp-block-column is-layout-flow wp-block-column-is-layout-flow\">\n<p>How do we 'reset' things so that we no longer see ourselves as a separate or superior species but rather 'reintegrate' ourselves into the living world; what is evolution and what are the great lessons to be learned from it; what are these famous 'great principles' of life, which we like to think of as the specifications for performance and resilience?<\/p>\n\n\n\n<p>These are all fundamental questions for laying the foundations of a method, a state of mind and a work of reflection and innovation on the paths of #biomimicry. Drawing inspiration from living beings to innovate and rethink our own future as a species is undoubtedly first and foremost a matter of reconsidering our rightful place and our interconnections and cousinship with all living beings.<\/p>\n\n\n\n<p>... this is where biomimicry takes us and invites us and this is also where it becomes dizzying and brilliant! Thank you very much in advance, dear Guillaume, for this introduction in the form of both a compass and a questioning...<\/p>\n<\/div>\n<\/div>\n\n\n\n<p>Some recommendations from recent books:<\/p>\n\n\n\n<p>\ud83d\udcda \"\u00a0<a rel=\"noreferrer noopener\" href=\"https:\/\/www.belin-education.com\/guide-critique-de-levolution-2e-edition\" target=\"_blank\">A Critical Guide to Evolution 2nd edition<\/a>\u00a0\"Under the direction of Guillaume Lecointre, published by Belin Education.<\/p>\n\n\n\n<p>\ud83d\udcda \"\u00a0<a rel=\"noreferrer noopener\" href=\"https:\/\/www.grasset.fr\/livres\/le-monde-vivant-9782246830689\" target=\"_blank\">The living world<\/a>\u00a0\"Bruno David, Guillaume Lecointre - with France Culture and the National Museum of Natural History - published by Grasset.<\/p>\n\n\n\n<hr class=\"wp-block-separator has-css-opacity is-style-wide\"\/>\n\n\n\n<p><em><em>The programme is under construction. We will address the theme of <strong>the OCEAN<\/strong>as a source of inspiration, but also as a major concern and a promising field for experimentation on <strong>regenerative approaches<\/strong> of marine biodiversity; we will talk about the fabulous world of <strong>insects<\/strong> and other sources of inspiration at the nanoscale level; we will show how much the <strong>plants<\/strong> have to teach us, both in terms of organisation and structure; we will see how the <strong>reconnection<\/strong> of Man to Life is also a question of health as this contact does us good,<\/em><\/em> physiologically and psychologically; we will also talk about the prodigious capacity of living beings to produce <strong>materials<\/strong>and through frugal ingenuity ...<\/p>\n\n\n\n<p>Biomimicry is developing, being structured, attracting talent, projects and capital, so we will talk about <strong>the economics of biomimicry<\/strong> we will make public the first Biomim'Invest report, which will take stock of the fundraising activities of <strong>Biomim Deeptech startups<\/strong> and talk to some of the entrepreneurs about their journeys; we will talk about the crucial issue of <strong>symbiotic interactions<\/strong>of the life of the soil but also of the vitality of these exchanges for us, in our body, on our skin; The <strong>City<\/strong> will not be outdone, as every year, the main topic of Biomim'expo, how to rethink our habitat as a species, how to move from urban vegetation to cities of biodiversity, designed to live in cohabitation between Man and the rest of the living world; we will talk about <strong>information intelligence<\/strong>We will look at how the living are so much more powerful and efficient in this 'information energy' essential to life; we will return to the expectations of the <strong>new generation of graduates <\/strong>and their expectations and visions for the future, especially in their relationship with companies; we will highlight the crucial link between <strong>biodiversity and climate<\/strong>We will also take advantage of the Biomim'expo forum to have teachers and researchers launch an appeal and testify to the fact that the living world is a model, but above all a solution. <strong>the erosion of science education<\/strong> and biology and the disastrous cascading effects on our relationship with living things and our ability to know and recognize them; and we will project ourselves towards <strong>the future<\/strong> to show the current and promising trends and developments to invent the world and France of tomorrow... <\/p>\n\n\n\n<p>As usual, this will be done through various testimonies from researchers, explorers, philosophers, anthropologists, entomologists, biologists, startups, R&amp;D and CSR managers, etc. <\/p>\n\n\n\n<hr class=\"wp-block-separator has-css-opacity is-style-wide\"\/>","protected":false},"excerpt":{"rendered":"<p>2022 will maintain its format of large plenary sessions for institutional presentations, conferences, round tables and pitches... The 2022 programme is still under development but will be in line with previous editions. 9am \/ [ DOORS OPEN 9.30am - 9.45am [ OPENING [ INTRODUCTION TO THE DAY Launch of the 7th edition.  &gt;&gt; Definition, news and trends ... <a href=\"https:\/\/biomimexpo.com\/en\/les-plenieres\/\" class=\"more-link\">Continue reading <span class=\"screen-reader-text\">THE PLENARIES<\/span><\/a><\/p>","protected":false},"author":30655367,"featured_media":8017,"parent":0,"menu_order":0,"comment_status":"closed","ping_status":"closed","template":"","meta":{"ngg_post_thumbnail":0,"jetpack_post_was_ever_published":false,"footnotes":""},"class_list":["post-18409","page","type-page","status-publish","has-post-thumbnail","hentry"],"yoast_head":"<!-- This site is optimized with the Yoast SEO plugin v27.3 - https:\/\/yoast.com\/product\/yoast-seo-wordpress\/ -->\n<title>LES PL\u00c9NI\u00c8RES - Biomim&#039;expo<\/title>\n<meta name=\"robots\" content=\"index, follow, max-snippet:-1, max-image-preview:large, max-video-preview:-1\" \/>\n<link rel=\"canonical\" href=\"https:\/\/biomimexpo.com\/en\/les-plenieres\/\" \/>\n<meta property=\"og:locale\" content=\"en_GB\" \/>\n<meta property=\"og:type\" content=\"article\" \/>\n<meta property=\"og:title\" content=\"LES PL\u00c9NI\u00c8RES - Biomim&#039;expo\" \/>\n<meta property=\"og:description\" content=\"2022 maintient son format de grandes pl\u00e9ni\u00e8res pour les pr\u00e9sentations institutionnelles, conf\u00e9rences, tables rondes et pitchs &#8230; &nbsp; Le programme 2022 est en cours mais s&rsquo;inscrira dans la continuit\u00e9 des \u00e9ditions pr\u00e9c\u00e9dentes. 9h&nbsp;\/&nbsp;[ OUVERTURE DES PORTES 9h30 \u2013 9h45 [ OUVERTURE [&nbsp;INTRODUCTION DE LA JOURNEE Lancement de la 7\u00e8me \u00e9dition.&nbsp; &gt;&gt; D\u00e9finition, actualit\u00e9s et tendances &hellip; Continue reading LES PL\u00c9NI\u00c8RES\" \/>\n<meta property=\"og:url\" content=\"https:\/\/biomimexpo.com\/en\/les-plenieres\/\" \/>\n<meta property=\"og:site_name\" content=\"Biomim&#039;expo\" \/>\n<meta property=\"article:modified_time\" content=\"2022-07-07T06:31:34+00:00\" \/>\n<meta property=\"og:image\" content=\"https:\/\/i0.wp.com\/biomimexpo.com\/wp-content\/uploads\/2019\/10\/amphi.jpeg?fit=800%2C350&ssl=1\" \/>\n\t<meta property=\"og:image:width\" content=\"800\" \/>\n\t<meta property=\"og:image:height\" content=\"350\" \/>\n\t<meta property=\"og:image:type\" content=\"image\/jpeg\" \/>\n<meta name=\"twitter:card\" content=\"summary_large_image\" \/>\n<meta name=\"twitter:label1\" content=\"Estimated reading time\" \/>\n\t<meta name=\"twitter:data1\" content=\"4 minutes\" \/>\n<script type=\"application\/ld+json\" class=\"yoast-schema-graph\">{\"@context\":\"https:\\\/\\\/schema.org\",\"@graph\":[{\"@type\":\"WebPage\",\"@id\":\"https:\\\/\\\/biomimexpo.com\\\/les-plenieres\\\/\",\"url\":\"https:\\\/\\\/biomimexpo.com\\\/les-plenieres\\\/\",\"name\":\"LES PL\u00c9NI\u00c8RES - Biomim&#039;expo\",\"isPartOf\":{\"@id\":\"https:\\\/\\\/biomimexpo.com\\\/#website\"},\"primaryImageOfPage\":{\"@id\":\"https:\\\/\\\/biomimexpo.com\\\/les-plenieres\\\/#primaryimage\"},\"image\":{\"@id\":\"https:\\\/\\\/biomimexpo.com\\\/les-plenieres\\\/#primaryimage\"},\"thumbnailUrl\":\"https:\\\/\\\/i0.wp.com\\\/biomimexpo.com\\\/wp-content\\\/uploads\\\/2019\\\/10\\\/amphi.jpeg?fit=800%2C350&ssl=1\",\"datePublished\":\"2021-09-22T05:07:23+00:00\",\"dateModified\":\"2022-07-07T06:31:34+00:00\",\"breadcrumb\":{\"@id\":\"https:\\\/\\\/biomimexpo.com\\\/les-plenieres\\\/#breadcrumb\"},\"inLanguage\":\"en-GB\",\"potentialAction\":[{\"@type\":\"ReadAction\",\"target\":[\"https:\\\/\\\/biomimexpo.com\\\/les-plenieres\\\/\"]}]},{\"@type\":\"ImageObject\",\"inLanguage\":\"en-GB\",\"@id\":\"https:\\\/\\\/biomimexpo.com\\\/les-plenieres\\\/#primaryimage\",\"url\":\"https:\\\/\\\/i0.wp.com\\\/biomimexpo.com\\\/wp-content\\\/uploads\\\/2019\\\/10\\\/amphi.jpeg?fit=800%2C350&ssl=1\",\"contentUrl\":\"https:\\\/\\\/i0.wp.com\\\/biomimexpo.com\\\/wp-content\\\/uploads\\\/2019\\\/10\\\/amphi.jpeg?fit=800%2C350&ssl=1\",\"width\":800,\"height\":350},{\"@type\":\"BreadcrumbList\",\"@id\":\"https:\\\/\\\/biomimexpo.com\\\/les-plenieres\\\/#breadcrumb\",\"itemListElement\":[{\"@type\":\"ListItem\",\"position\":1,\"name\":\"Accueil\",\"item\":\"https:\\\/\\\/biomimexpo.com\\\/\"},{\"@type\":\"ListItem\",\"position\":2,\"name\":\"LES PL\u00c9NI\u00c8RES\"}]},{\"@type\":\"WebSite\",\"@id\":\"https:\\\/\\\/biomimexpo.com\\\/#website\",\"url\":\"https:\\\/\\\/biomimexpo.com\\\/\",\"name\":\"Biomim&#039;expo\",\"description\":\"Le premier salon et showroom du biomim\u00e9tisme\",\"potentialAction\":[{\"@type\":\"SearchAction\",\"target\":{\"@type\":\"EntryPoint\",\"urlTemplate\":\"https:\\\/\\\/biomimexpo.com\\\/?s={search_term_string}\"},\"query-input\":{\"@type\":\"PropertyValueSpecification\",\"valueRequired\":true,\"valueName\":\"search_term_string\"}}],\"inLanguage\":\"en-GB\"}]}<\/script>\n<!-- \/ Yoast SEO plugin. -->","yoast_head_json":{"title":"LES PL\u00c9NI\u00c8RES - Biomim&#039;expo","robots":{"index":"index","follow":"follow","max-snippet":"max-snippet:-1","max-image-preview":"max-image-preview:large","max-video-preview":"max-video-preview:-1"},"canonical":"https:\/\/biomimexpo.com\/en\/les-plenieres\/","og_locale":"en_GB","og_type":"article","og_title":"LES PL\u00c9NI\u00c8RES - Biomim&#039;expo","og_description":"2022 maintient son format de grandes pl\u00e9ni\u00e8res pour les pr\u00e9sentations institutionnelles, conf\u00e9rences, tables rondes et pitchs &#8230; &nbsp; Le programme 2022 est en cours mais s&rsquo;inscrira dans la continuit\u00e9 des \u00e9ditions pr\u00e9c\u00e9dentes. 9h&nbsp;\/&nbsp;[ OUVERTURE DES PORTES 9h30 \u2013 9h45 [ OUVERTURE [&nbsp;INTRODUCTION DE LA JOURNEE Lancement de la 7\u00e8me \u00e9dition.&nbsp; &gt;&gt; D\u00e9finition, actualit\u00e9s et tendances &hellip; Continue reading LES PL\u00c9NI\u00c8RES","og_url":"https:\/\/biomimexpo.com\/en\/les-plenieres\/","og_site_name":"Biomim&#039;expo","article_modified_time":"2022-07-07T06:31:34+00:00","og_image":[{"width":800,"height":350,"url":"https:\/\/i0.wp.com\/biomimexpo.com\/wp-content\/uploads\/2019\/10\/amphi.jpeg?fit=800%2C350&ssl=1","type":"image\/jpeg"}],"twitter_card":"summary_large_image","twitter_misc":{"Estimated reading time":"4 minutes"},"schema":{"@context":"https:\/\/schema.org","@graph":[{"@type":"WebPage","@id":"https:\/\/biomimexpo.com\/les-plenieres\/","url":"https:\/\/biomimexpo.com\/les-plenieres\/","name":"LES PL\u00c9NI\u00c8RES - Biomim&#039;expo","isPartOf":{"@id":"https:\/\/biomimexpo.com\/#website"},"primaryImageOfPage":{"@id":"https:\/\/biomimexpo.com\/les-plenieres\/#primaryimage"},"image":{"@id":"https:\/\/biomimexpo.com\/les-plenieres\/#primaryimage"},"thumbnailUrl":"https:\/\/i0.wp.com\/biomimexpo.com\/wp-content\/uploads\/2019\/10\/amphi.jpeg?fit=800%2C350&ssl=1","datePublished":"2021-09-22T05:07:23+00:00","dateModified":"2022-07-07T06:31:34+00:00","breadcrumb":{"@id":"https:\/\/biomimexpo.com\/les-plenieres\/#breadcrumb"},"inLanguage":"en-GB","potentialAction":[{"@type":"ReadAction","target":["https:\/\/biomimexpo.com\/les-plenieres\/"]}]},{"@type":"ImageObject","inLanguage":"en-GB","@id":"https:\/\/biomimexpo.com\/les-plenieres\/#primaryimage","url":"https:\/\/i0.wp.com\/biomimexpo.com\/wp-content\/uploads\/2019\/10\/amphi.jpeg?fit=800%2C350&ssl=1","contentUrl":"https:\/\/i0.wp.com\/biomimexpo.com\/wp-content\/uploads\/2019\/10\/amphi.jpeg?fit=800%2C350&ssl=1","width":800,"height":350},{"@type":"BreadcrumbList","@id":"https:\/\/biomimexpo.com\/les-plenieres\/#breadcrumb","itemListElement":[{"@type":"ListItem","position":1,"name":"Accueil","item":"https:\/\/biomimexpo.com\/"},{"@type":"ListItem","position":2,"name":"LES PL\u00c9NI\u00c8RES"}]},{"@type":"WebSite","@id":"https:\/\/biomimexpo.com\/#website","url":"https:\/\/biomimexpo.com\/","name":"Biomim&#039;expo","description":"Le premier salon et showroom du biomim\u00e9tisme","potentialAction":[{"@type":"SearchAction","target":{"@type":"EntryPoint","urlTemplate":"https:\/\/biomimexpo.com\/?s={search_term_string}"},"query-input":{"@type":"PropertyValueSpecification","valueRequired":true,"valueName":"search_term_string"}}],"inLanguage":"en-GB"}]}},"jetpack_likes_enabled":true,"jetpack_sharing_enabled":true,"jetpack_shortlink":"https:\/\/wp.me\/P51wao-4MV","_links":{"self":[{"href":"https:\/\/biomimexpo.com\/en\/wp-json\/wp\/v2\/pages\/18409","targetHints":{"allow":["GET"]}}],"collection":[{"href":"https:\/\/biomimexpo.com\/en\/wp-json\/wp\/v2\/pages"}],"about":[{"href":"https:\/\/biomimexpo.com\/en\/wp-json\/wp\/v2\/types\/page"}],"author":[{"embeddable":true,"href":"https:\/\/biomimexpo.com\/en\/wp-json\/wp\/v2\/users\/30655367"}],"replies":[{"embeddable":true,"href":"https:\/\/biomimexpo.com\/en\/wp-json\/wp\/v2\/comments?post=18409"}],"version-history":[{"count":99,"href":"https:\/\/biomimexpo.com\/en\/wp-json\/wp\/v2\/pages\/18409\/revisions"}],"predecessor-version":[{"id":21054,"href":"https:\/\/biomimexpo.com\/en\/wp-json\/wp\/v2\/pages\/18409\/revisions\/21054"}],"wp:featuredmedia":[{"embeddable":true,"href":"https:\/\/biomimexpo.com\/en\/wp-json\/wp\/v2\/media\/8017"}],"wp:attachment":[{"href":"https:\/\/biomimexpo.com\/en\/wp-json\/wp\/v2\/media?parent=18409"}],"curies":[{"name":"wp","href":"https:\/\/api.w.org\/{rel}","templated":true}]}}